{"id":4158,"date":"2024-11-10T16:07:54","date_gmt":"2024-11-10T16:07:54","guid":{"rendered":"https:\/\/estoque.westmotos.com.br\/?post_type=product&#038;p=4158"},"modified":"2025-06-02T15:57:21","modified_gmt":"2025-06-02T15:57:21","slug":"storm-200cc-2025-tecnologia-e-estilo-com-financimento-ate-100","status":"publish","type":"product","link":"https:\/\/estoque.westmotos.com.br\/?product=storm-200cc-2025-tecnologia-e-estilo-com-financimento-ate-100","title":{"rendered":"STORM 200 CC 2025 SHINERAY | \u00c1 PARTIR DE R$799,00 MENSAL"},"content":{"rendered":"<p><img loading=\"lazy\" decoding=\"async\" class=\"alignnone wp-image-3940\" src=\"https:\/\/estoque.westmotos.com.br\/wp-content\/uploads\/2024\/06\/nova-1.png\" alt=\"\" width=\"18\" height=\"25\" \/>SHINERAY STORM 200|CC<br \/>\n2025\/2025<br \/>\nPARCELAS A PARTIR DE R$799,00<\/p>\n<p><img loading=\"lazy\" decoding=\"async\" class=\"alignnone wp-image-3964\" src=\"https:\/\/estoque.westmotos.com.br\/wp-content\/uploads\/2024\/06\/check.png\" alt=\"\" width=\"22\" height=\"20\" \/>\u00a0INJE\u00c7\u00c3O ELETR\u00d4NICA<br \/>\n<img loading=\"lazy\" decoding=\"async\" class=\"alignnone wp-image-3964\" src=\"https:\/\/estoque.westmotos.com.br\/wp-content\/uploads\/2024\/06\/check.png\" alt=\"\" width=\"22\" height=\"20\" \/>FREIO ABS \/ 2 CANAIS<br \/>\n<img loading=\"lazy\" decoding=\"async\" class=\"alignnone wp-image-3964\" src=\"https:\/\/estoque.westmotos.com.br\/wp-content\/uploads\/2024\/06\/check.png\" alt=\"\" width=\"22\" height=\"20\" \/> REFRIGERA\u00c7\u00c3O LIQUIDA<br \/>\n<img loading=\"lazy\" decoding=\"async\" class=\"alignnone wp-image-3964\" src=\"https:\/\/estoque.westmotos.com.br\/wp-content\/uploads\/2024\/06\/check.png\" alt=\"\" width=\"22\" height=\"20\" \/> PAINEL DIGITAL<br \/>\n<img loading=\"lazy\" decoding=\"async\" class=\"alignnone wp-image-3964\" src=\"https:\/\/estoque.westmotos.com.br\/wp-content\/uploads\/2024\/06\/check.png\" alt=\"\" width=\"22\" height=\"20\" \/> SUSPENS\u00c3O INVERTIDA<br \/>\n<img loading=\"lazy\" decoding=\"async\" class=\"alignnone wp-image-3964\" src=\"https:\/\/estoque.westmotos.com.br\/wp-content\/uploads\/2024\/06\/check.png\" alt=\"\" width=\"22\" height=\"20\" \/> 4 V\u00c1LVULAS<br \/>\n<img loading=\"lazy\" decoding=\"async\" class=\"alignnone wp-image-3964\" src=\"https:\/\/estoque.westmotos.com.br\/wp-content\/uploads\/2024\/06\/check.png\" alt=\"\" width=\"22\" height=\"20\" \/> CROSSOVER \/ RODAS DE LIGA LEVE<br \/>\n<img loading=\"lazy\" decoding=\"async\" class=\"alignnone wp-image-3964\" src=\"https:\/\/estoque.westmotos.com.br\/wp-content\/uploads\/2024\/06\/check.png\" alt=\"\" width=\"22\" height=\"20\" \/> PORTA USB<br \/>\n<img loading=\"lazy\" decoding=\"async\" class=\"alignnone wp-image-3964\" src=\"https:\/\/estoque.westmotos.com.br\/wp-content\/uploads\/2024\/06\/check.png\" alt=\"\" width=\"22\" height=\"20\" \/> C\u00c2MBIO DE 6 MARCHAS<br \/>\n<img loading=\"lazy\" decoding=\"async\" class=\"alignnone wp-image-3964\" src=\"https:\/\/estoque.westmotos.com.br\/wp-content\/uploads\/2024\/06\/check.png\" alt=\"\" width=\"22\" height=\"20\" \/> 200cc<br \/>\n<img loading=\"lazy\" decoding=\"async\" class=\"alignnone wp-image-3964\" src=\"https:\/\/estoque.westmotos.com.br\/wp-content\/uploads\/2024\/06\/check.png\" alt=\"\" width=\"22\" height=\"20\" \/> 20,4 CV<br \/>\n<img loading=\"lazy\" decoding=\"async\" class=\"alignnone wp-image-3938\" src=\"https:\/\/estoque.westmotos.com.br\/wp-content\/uploads\/2024\/06\/economia-1.png\" alt=\"\" width=\"20\" height=\"20\" \/> 45 km por litro<\/p>\n<p>Financie at\u00e9 100%<br \/>\nFa\u00e7a uma simula\u00e7\u00e3o agora \ud83d\udc47<\/p>\n","protected":false},"excerpt":{"rendered":"<p><img loading=\"lazy\" decoding=\"async\" class=\"alignnone wp-image-3940\" src=\"https:\/\/estoque.westmotos.com.br\/wp-content\/uploads\/2024\/06\/nova-1.png\" alt=\"\" width=\"18\" height=\"25\" \/>SHINERAY STORM 200|CC<br \/>\n2024\/2025<br \/>\nPARCELAS A PARTIR DE R$799,00<\/p>\n<p><img loading=\"lazy\" decoding=\"async\" class=\"alignnone wp-image-3964\" src=\"https:\/\/estoque.westmotos.com.br\/wp-content\/uploads\/2024\/06\/check.png\" alt=\"\" width=\"22\" height=\"20\" \/>\u00a0INJE\u00c7\u00c3O ELETR\u00d4NICA<br \/>\n<img loading=\"lazy\" decoding=\"async\" class=\"alignnone wp-image-3964\" src=\"https:\/\/estoque.westmotos.com.br\/wp-content\/uploads\/2024\/06\/check.png\" alt=\"\" width=\"22\" height=\"20\" \/>FREIO ABS \/ 2 CANAIS<br \/>\n<img loading=\"lazy\" decoding=\"async\" class=\"alignnone wp-image-3964\" src=\"https:\/\/estoque.westmotos.com.br\/wp-content\/uploads\/2024\/06\/check.png\" alt=\"\" width=\"22\" height=\"20\" \/> REFRIGERA\u00c7\u00c3O LIQUIDA<br \/>\n<img loading=\"lazy\" decoding=\"async\" class=\"alignnone wp-image-3964\" src=\"https:\/\/estoque.westmotos.com.br\/wp-content\/uploads\/2024\/06\/check.png\" alt=\"\" width=\"22\" height=\"20\" \/> PAINEL DIGITAL<br \/>\n<img loading=\"lazy\" decoding=\"async\" class=\"alignnone wp-image-3964\" src=\"https:\/\/estoque.westmotos.com.br\/wp-content\/uploads\/2024\/06\/check.png\" alt=\"\" width=\"22\" height=\"20\" \/> SUSPENS\u00c3O INVERTIDA<br \/>\n<img loading=\"lazy\" decoding=\"async\" class=\"alignnone wp-image-3964\" src=\"https:\/\/estoque.westmotos.com.br\/wp-content\/uploads\/2024\/06\/check.png\" alt=\"\" width=\"22\" height=\"20\" \/> 4 V\u00c1LVULAS<br \/>\n<img loading=\"lazy\" decoding=\"async\" class=\"alignnone wp-image-3964\" src=\"https:\/\/estoque.westmotos.com.br\/wp-content\/uploads\/2024\/06\/check.png\" alt=\"\" width=\"22\" height=\"20\" \/> CROSSOVER \/ RODAS DE LIGA LEVE<br \/>\n<img loading=\"lazy\" decoding=\"async\" class=\"alignnone wp-image-3964\" src=\"https:\/\/estoque.westmotos.com.br\/wp-content\/uploads\/2024\/06\/check.png\" alt=\"\" width=\"22\" height=\"20\" \/> PORTA USB<br \/>\n<img loading=\"lazy\" decoding=\"async\" class=\"alignnone wp-image-3964\" src=\"https:\/\/estoque.westmotos.com.br\/wp-content\/uploads\/2024\/06\/check.png\" alt=\"\" width=\"22\" height=\"20\" \/> C\u00c2MBIO DE 6 MARCHAS<br \/>\n<img loading=\"lazy\" decoding=\"async\" class=\"alignnone wp-image-3964\" src=\"https:\/\/estoque.westmotos.com.br\/wp-content\/uploads\/2024\/06\/check.png\" alt=\"\" width=\"22\" height=\"20\" \/> 200cc<br \/>\n<img loading=\"lazy\" decoding=\"async\" class=\"alignnone wp-image-3964\" src=\"https:\/\/estoque.westmotos.com.br\/wp-content\/uploads\/2024\/06\/check.png\" alt=\"\" width=\"22\" height=\"20\" \/> 20,4 CV<br \/>\n<img loading=\"lazy\" decoding=\"async\" class=\"alignnone wp-image-3938\" src=\"https:\/\/estoque.westmotos.com.br\/wp-content\/uploads\/2024\/06\/economia-1.png\" alt=\"\" width=\"20\" height=\"20\" \/> 45 km por litro<\/p>\n<p>Financie at\u00e9 100%<br \/>\nFa\u00e7a uma simula\u00e7\u00e3o agora \ud83d\udc47<\/p>\n","protected":false},"featured_media":4251,"template":"","meta":[],"product_brand":[],"product_cat":[82,75],"product_tag":[],"class_list":{"0":"post-4158","1":"product","2":"type-product","3":"status-publish","4":"has-post-thumbnail","6":"product_cat-200-cc","7":"product_cat-lancamentos","9":"first","10":"instock","11":"shipping-taxable","12":"product-type-external"},"aioseo_notices":[],"_links":{"self":[{"href":"https:\/\/estoque.westmotos.com.br\/index.php?rest_route=\/wp\/v2\/product\/4158","targetHints":{"allow":["GET"]}}],"collection":[{"href":"https:\/\/estoque.westmotos.com.br\/index.php?rest_route=\/wp\/v2\/product"}],"about":[{"href":"https:\/\/estoque.westmotos.com.br\/index.php?rest_route=\/wp\/v2\/types\/product"}],"wp:featuredmedia":[{"embeddable":true,"href":"https:\/\/estoque.westmotos.com.br\/index.php?rest_route=\/wp\/v2\/media\/4251"}],"wp:attachment":[{"href":"https:\/\/estoque.westmotos.com.br\/index.php?rest_route=%2Fwp%2Fv2%2Fmedia&parent=4158"}],"wp:term":[{"taxonomy":"product_brand","embeddable":true,"href":"https:\/\/estoque.westmotos.com.br\/index.php?rest_route=%2Fwp%2Fv2%2Fproduct_brand&post=4158"},{"taxonomy":"product_cat","embeddable":true,"href":"https:\/\/estoque.westmotos.com.br\/index.php?rest_route=%2Fwp%2Fv2%2Fproduct_cat&post=4158"},{"taxonomy":"product_tag","embeddable":true,"href":"https:\/\/estoque.westmotos.com.br\/index.php?rest_route=%2Fwp%2Fv2%2Fproduct_tag&post=4158"}],"curies":[{"name":"wp","href":"https:\/\/api.w.org\/{rel}","templated":true}]}}