{"id":4148,"date":"2024-11-09T18:08:56","date_gmt":"2024-11-09T18:08:56","guid":{"rendered":"https:\/\/estoque.westmotos.com.br\/?post_type=product&#038;p=4148"},"modified":"2025-06-02T15:58:29","modified_gmt":"2025-06-02T15:58:29","slug":"shi-175efi-2025-financie-ate-100-apartir-de-r68900","status":"publish","type":"product","link":"https:\/\/estoque.westmotos.com.br\/?product=shi-175efi-2025-financie-ate-100-apartir-de-r68900","title":{"rendered":"SHI 175|EFI 2025 FINANCIE AT\u00c9 100% APARTIR DE R$689,00"},"content":{"rendered":"<p>SHI 175|EFI 2025 FINANCIE AT\u00c9 100% APARTIR DE R$689,00<\/p>\n<p><img loading=\"lazy\" decoding=\"async\" class=\"alignnone wp-image-3964\" src=\"https:\/\/estoque.westmotos.com.br\/wp-content\/uploads\/2024\/06\/check.png\" alt=\"\" width=\"19\" height=\"17\" \/> Inje\u00e7\u00e3o Eletr\u00f4nica<\/p>\n<p><img loading=\"lazy\" decoding=\"async\" class=\"alignnone wp-image-3964\" src=\"https:\/\/estoque.westmotos.com.br\/wp-content\/uploads\/2024\/06\/check.png\" alt=\"\" width=\"19\" height=\"17\" \/> Partida Eletrica<\/p>\n<p><img loading=\"lazy\" decoding=\"async\" class=\"alignnone wp-image-3964\" src=\"https:\/\/estoque.westmotos.com.br\/wp-content\/uploads\/2024\/06\/check.png\" alt=\"\" width=\"19\" height=\"17\" \/> Painel 100% digital com todos os indicadores<\/p>\n<p><img loading=\"lazy\" decoding=\"async\" class=\"alignnone wp-image-3964\" src=\"https:\/\/estoque.westmotos.com.br\/wp-content\/uploads\/2024\/06\/check.png\" alt=\"\" width=\"19\" height=\"17\" \/> Freios a disco trazeira e dianteira<\/p>\n<p><img loading=\"lazy\" decoding=\"async\" class=\"alignnone wp-image-3964\" src=\"https:\/\/estoque.westmotos.com.br\/wp-content\/uploads\/2024\/06\/check.png\" alt=\"\" width=\"19\" height=\"17\" \/> Cambio com 6 marchas<\/p>\n<p><img loading=\"lazy\" decoding=\"async\" class=\"alignnone wp-image-3964\" src=\"https:\/\/estoque.westmotos.com.br\/wp-content\/uploads\/2024\/06\/check.png\" alt=\"\" width=\"19\" height=\"17\" \/> Motor com 19 cv<\/p>\n<p>\ud83d\ude80MOTO PERFEITA PARA ESTRADA DE CH\u00c3O OU PER\u00cdMETROS RODOVI\u00c1RIOS.<\/p>\n<p>Pague avista ou at\u00e9 12 x sem juros no cart\u00e3o R$20.999,00<\/p>\n<p>\ud83c\udfe6 Financiamento at\u00e9 48\u00a0x\u00a0Simule\u00a0agora<\/p>\n","protected":false},"excerpt":{"rendered":"<p><img loading=\"lazy\" decoding=\"async\" class=\"alignnone wp-image-3964\" src=\"https:\/\/estoque.westmotos.com.br\/wp-content\/uploads\/2024\/06\/check.png\" alt=\"\" width=\"19\" height=\"17\" \/> Inje\u00e7\u00e3o Eletr\u00f4nica<\/p>\n<p><img loading=\"lazy\" decoding=\"async\" class=\"alignnone wp-image-3964\" src=\"https:\/\/estoque.westmotos.com.br\/wp-content\/uploads\/2024\/06\/check.png\" alt=\"\" width=\"19\" height=\"17\" \/> Partida Eletrica<\/p>\n<p><img loading=\"lazy\" decoding=\"async\" class=\"alignnone wp-image-3964\" src=\"https:\/\/estoque.westmotos.com.br\/wp-content\/uploads\/2024\/06\/check.png\" alt=\"\" width=\"19\" height=\"17\" \/> Painel 100% digital com todos os indicadores<\/p>\n<p><img loading=\"lazy\" decoding=\"async\" class=\"alignnone wp-image-3964\" src=\"https:\/\/estoque.westmotos.com.br\/wp-content\/uploads\/2024\/06\/check.png\" alt=\"\" width=\"19\" height=\"17\" \/> Freios a disco trazeira e dianteira<\/p>\n<p><img loading=\"lazy\" decoding=\"async\" class=\"alignnone wp-image-3964\" src=\"https:\/\/estoque.westmotos.com.br\/wp-content\/uploads\/2024\/06\/check.png\" alt=\"\" width=\"19\" height=\"17\" \/> Cambio com 6 marchas<\/p>\n<p><img loading=\"lazy\" decoding=\"async\" class=\"alignnone wp-image-3964\" src=\"https:\/\/estoque.westmotos.com.br\/wp-content\/uploads\/2024\/06\/check.png\" alt=\"\" width=\"19\" height=\"17\" \/> Motor com 19 cv<\/p>\n<p>\ud83d\ude80MOTO PERFEITA PARA ESTRADA DE CH\u00c3O OU PER\u00cdMETROS RODOVI\u00c1RIOS.<\/p>\n<p>Pague avista ou at\u00e9 12 x sem juros no cart\u00e3o R$20.999,00<\/p>\n<p>\ud83c\udfe6 Financiamento at\u00e9 48\u00a0x\u00a0Simule\u00a0agora<\/p>\n","protected":false},"featured_media":4192,"template":"","meta":[],"product_brand":[],"product_cat":[74],"product_tag":[],"class_list":{"0":"post-4148","1":"product","2":"type-product","3":"status-publish","4":"has-post-thumbnail","6":"product_cat-175cc","8":"first","9":"instock","10":"shipping-taxable","11":"product-type-external"},"aioseo_notices":[],"_links":{"self":[{"href":"https:\/\/estoque.westmotos.com.br\/index.php?rest_route=\/wp\/v2\/product\/4148","targetHints":{"allow":["GET"]}}],"collection":[{"href":"https:\/\/estoque.westmotos.com.br\/index.php?rest_route=\/wp\/v2\/product"}],"about":[{"href":"https:\/\/estoque.westmotos.com.br\/index.php?rest_route=\/wp\/v2\/types\/product"}],"wp:featuredmedia":[{"embeddable":true,"href":"https:\/\/estoque.westmotos.com.br\/index.php?rest_route=\/wp\/v2\/media\/4192"}],"wp:attachment":[{"href":"https:\/\/estoque.westmotos.com.br\/index.php?rest_route=%2Fwp%2Fv2%2Fmedia&parent=4148"}],"wp:term":[{"taxonomy":"product_brand","embeddable":true,"href":"https:\/\/estoque.westmotos.com.br\/index.php?rest_route=%2Fwp%2Fv2%2Fproduct_brand&post=4148"},{"taxonomy":"product_cat","embeddable":true,"href":"https:\/\/estoque.westmotos.com.br\/index.php?rest_route=%2Fwp%2Fv2%2Fproduct_cat&post=4148"},{"taxonomy":"product_tag","embeddable":true,"href":"https:\/\/estoque.westmotos.com.br\/index.php?rest_route=%2Fwp%2Fv2%2Fproduct_tag&post=4148"}],"curies":[{"name":"wp","href":"https:\/\/api.w.org\/{rel}","templated":true}]}}