{"id":4100,"date":"2024-09-06T18:25:54","date_gmt":"2024-09-06T18:25:54","guid":{"rendered":"https:\/\/estoque.westmotos.com.br\/?post_type=product&#038;p=4100"},"modified":"2025-02-14T20:03:53","modified_gmt":"2025-02-14T20:03:53","slug":"shineray-jef-150ss-2024-liquida","status":"publish","type":"product","link":"https:\/\/estoque.westmotos.com.br\/?product=shineray-jef-150ss-2024-liquida","title":{"rendered":"JEF 150|SS 2025 FINANCIE AT\u00c9 100% PARCELAS APARTIR DE R$559,00"},"content":{"rendered":"<p><img loading=\"lazy\" decoding=\"async\" class=\"alignnone size-full wp-image-3940\" src=\"https:\/\/estoque.westmotos.com.br\/wp-content\/uploads\/2024\/06\/nova-1.png\" alt=\"\" width=\"30\" height=\"41\" \/>LAN\u00c7AMENTO JEF 150 SS 2025<\/p>\n<p><img loading=\"lazy\" decoding=\"async\" class=\"alignnone wp-image-3964\" src=\"https:\/\/estoque.westmotos.com.br\/wp-content\/uploads\/2024\/06\/check.png\" alt=\"\" width=\"14\" height=\"22\" \/> Partida eletrica e pedal<\/p>\n<p><img loading=\"lazy\" decoding=\"async\" class=\"alignnone wp-image-3964\" src=\"https:\/\/estoque.westmotos.com.br\/wp-content\/uploads\/2024\/06\/check.png\" alt=\"\" width=\"14\" height=\"22\" \/> Com sistema carburada<\/p>\n<p><img loading=\"lazy\" decoding=\"async\" class=\"alignnone wp-image-3964\" src=\"https:\/\/estoque.westmotos.com.br\/wp-content\/uploads\/2024\/06\/check.png\" alt=\"\" width=\"14\" height=\"22\" \/> Freios dianteiro Disco com acionamento Hidr\u00e1ulico, traseiro Tambor<\/p>\n<p><img loading=\"lazy\" decoding=\"async\" class=\"alignnone wp-image-3964\" src=\"https:\/\/estoque.westmotos.com.br\/wp-content\/uploads\/2024\/06\/check.png\" alt=\"\" width=\"14\" height=\"22\" \/> Rodas de liga leve<\/p>\n<p><img loading=\"lazy\" decoding=\"async\" class=\"alignnone wp-image-3964\" src=\"https:\/\/estoque.westmotos.com.br\/wp-content\/uploads\/2024\/06\/check.png\" alt=\"\" width=\"14\" height=\"22\" \/> Cambio 5 marchas<\/p>\n<p><img loading=\"lazy\" decoding=\"async\" class=\"alignnone wp-image-3964\" src=\"https:\/\/estoque.westmotos.com.br\/wp-content\/uploads\/2024\/06\/check.png\" alt=\"\" width=\"14\" height=\"22\" \/> Painel 100% digital<\/p>\n<p><img loading=\"lazy\" decoding=\"async\" class=\"alignnone wp-image-3964\" src=\"https:\/\/estoque.westmotos.com.br\/wp-content\/uploads\/2024\/06\/check.png\" alt=\"\" width=\"14\" height=\"22\" \/> Entrada USB no guid\u00e3o<\/p>\n<p><img loading=\"lazy\" decoding=\"async\" class=\"alignnone wp-image-3964\" src=\"https:\/\/estoque.westmotos.com.br\/wp-content\/uploads\/2024\/06\/check.png\" alt=\"\" width=\"14\" height=\"22\" \/> Lanternas em Led<\/p>\n<p>Unica revenda Shineray da regi\u00e3o com financeira sem consulta SCORE<\/p>\n<p>Avista R$17.999,00<\/p>\n<p>Parcelas Apartir de 48 X R$559,90<\/p>\n<p>\ud83c\udfe6Fa\u00e7a uma simula\u00e7\u00e3o no\u00a0Financiamento<\/p>\n","protected":false},"excerpt":{"rendered":"<p><img loading=\"lazy\" decoding=\"async\" class=\"alignnone wp-image-3964\" src=\"https:\/\/estoque.westmotos.com.br\/wp-content\/uploads\/2024\/06\/check.png\" alt=\"\" width=\"14\" height=\"22\" \/> Partida eletrica e pedal<\/p>\n<p><img loading=\"lazy\" decoding=\"async\" class=\"alignnone wp-image-3964\" src=\"https:\/\/estoque.westmotos.com.br\/wp-content\/uploads\/2024\/06\/check.png\" alt=\"\" width=\"14\" height=\"22\" \/> Inje\u00e7\u00e3o eletronica<\/p>\n<p><img loading=\"lazy\" decoding=\"async\" class=\"alignnone wp-image-3964\" src=\"https:\/\/estoque.westmotos.com.br\/wp-content\/uploads\/2024\/06\/check.png\" alt=\"\" width=\"14\" height=\"22\" \/> Freios dianteiro Disco com acionamento Hidr\u00e1ulico, traseiro Tambor<\/p>\n<p><img loading=\"lazy\" decoding=\"async\" class=\"alignnone wp-image-3964\" src=\"https:\/\/estoque.westmotos.com.br\/wp-content\/uploads\/2024\/06\/check.png\" alt=\"\" width=\"14\" height=\"22\" \/> Rodas de liga leve<\/p>\n<p><img loading=\"lazy\" decoding=\"async\" class=\"alignnone wp-image-3964\" src=\"https:\/\/estoque.westmotos.com.br\/wp-content\/uploads\/2024\/06\/check.png\" alt=\"\" width=\"14\" height=\"22\" \/> Cambio 5 marchas<\/p>\n<p><img loading=\"lazy\" decoding=\"async\" class=\"alignnone wp-image-3964\" src=\"https:\/\/estoque.westmotos.com.br\/wp-content\/uploads\/2024\/06\/check.png\" alt=\"\" width=\"14\" height=\"22\" \/> Painel 100% digital<\/p>\n<p><img loading=\"lazy\" decoding=\"async\" class=\"alignnone wp-image-3964\" src=\"https:\/\/estoque.westmotos.com.br\/wp-content\/uploads\/2024\/06\/check.png\" alt=\"\" width=\"14\" height=\"22\" \/> Entrada USB no guid\u00e3o<\/p>\n<p><img loading=\"lazy\" decoding=\"async\" class=\"alignnone wp-image-3964\" src=\"https:\/\/estoque.westmotos.com.br\/wp-content\/uploads\/2024\/06\/check.png\" alt=\"\" width=\"14\" height=\"22\" \/> Lanternas em Led<\/p>\n<p>&nbsp;<\/p>\n<p>Pague Avista ou at\u00e9 12 x sem juros no cart\u00e3o $18.999,00<\/p>\n<p>\ud83c\udfe6Fa\u00e7a uma simula\u00e7\u00e3o no\u00a0Financiamento<\/p>\n","protected":false},"featured_media":3977,"template":"","meta":[],"product_brand":[],"product_cat":[76],"product_tag":[],"class_list":{"0":"post-4100","1":"product","2":"type-product","3":"status-publish","4":"has-post-thumbnail","6":"product_cat-150cc","8":"first","9":"instock","10":"shipping-taxable","11":"product-type-external"},"aioseo_notices":[],"_links":{"self":[{"href":"https:\/\/estoque.westmotos.com.br\/index.php?rest_route=\/wp\/v2\/product\/4100","targetHints":{"allow":["GET"]}}],"collection":[{"href":"https:\/\/estoque.westmotos.com.br\/index.php?rest_route=\/wp\/v2\/product"}],"about":[{"href":"https:\/\/estoque.westmotos.com.br\/index.php?rest_route=\/wp\/v2\/types\/product"}],"wp:featuredmedia":[{"embeddable":true,"href":"https:\/\/estoque.westmotos.com.br\/index.php?rest_route=\/wp\/v2\/media\/3977"}],"wp:attachment":[{"href":"https:\/\/estoque.westmotos.com.br\/index.php?rest_route=%2Fwp%2Fv2%2Fmedia&parent=4100"}],"wp:term":[{"taxonomy":"product_brand","embeddable":true,"href":"https:\/\/estoque.westmotos.com.br\/index.php?rest_route=%2Fwp%2Fv2%2Fproduct_brand&post=4100"},{"taxonomy":"product_cat","embeddable":true,"href":"https:\/\/estoque.westmotos.com.br\/index.php?rest_route=%2Fwp%2Fv2%2Fproduct_cat&post=4100"},{"taxonomy":"product_tag","embeddable":true,"href":"https:\/\/estoque.westmotos.com.br\/index.php?rest_route=%2Fwp%2Fv2%2Fproduct_tag&post=4100"}],"curies":[{"name":"wp","href":"https:\/\/api.w.org\/{rel}","templated":true}]}}