{"id":4081,"date":"2024-07-29T15:23:22","date_gmt":"2024-07-29T15:23:22","guid":{"rendered":"https:\/\/estoque.westmotos.com.br\/?post_type=product&#038;p=4081"},"modified":"2025-06-02T16:38:56","modified_gmt":"2025-06-02T16:38:56","slug":"financie-ate-100-shi-efi-175-cc-2024-modelo-trail","status":"publish","type":"product","link":"https:\/\/estoque.westmotos.com.br\/?product=financie-ate-100-shi-efi-175-cc-2024-modelo-trail","title":{"rendered":"FINANCIE AT\u00c9 100% SHI 175 CC 2025 MODELO TRAIL"},"content":{"rendered":"<p><img loading=\"lazy\" decoding=\"async\" class=\"alignnone  wp-image-3940\" src=\"https:\/\/estoque.westmotos.com.br\/wp-content\/uploads\/2024\/06\/nova-1.png\" alt=\"\" width=\"23\" height=\"32\" \/>SHI 175\u00a0 AQUELA VERS\u00c3O TRAIL QUE VOC\u00ca PEDIU EST\u00c1 DEVOLTA\u00a0 2025\/2025<\/p>\n<p><img loading=\"lazy\" decoding=\"async\" class=\"alignnone wp-image-3964\" src=\"https:\/\/estoque.westmotos.com.br\/wp-content\/uploads\/2024\/06\/check.png\" alt=\"\" width=\"19\" height=\"17\" \/> Partida Eletrica e pedal<\/p>\n<p><img loading=\"lazy\" decoding=\"async\" class=\"alignnone wp-image-3964\" src=\"https:\/\/estoque.westmotos.com.br\/wp-content\/uploads\/2024\/06\/check.png\" alt=\"\" width=\"19\" height=\"17\" \/> Painel 100% digital com todos os indicadores<\/p>\n<p><img loading=\"lazy\" decoding=\"async\" class=\"alignnone wp-image-3964\" src=\"https:\/\/estoque.westmotos.com.br\/wp-content\/uploads\/2024\/06\/check.png\" alt=\"\" width=\"19\" height=\"17\" \/> Freios a disco na trazeira e dianteira<\/p>\n<p><img loading=\"lazy\" decoding=\"async\" class=\"alignnone wp-image-3964\" src=\"https:\/\/estoque.westmotos.com.br\/wp-content\/uploads\/2024\/06\/check.png\" alt=\"\" width=\"19\" height=\"17\" \/> Cambio com 5 marchas<\/p>\n<p><img loading=\"lazy\" decoding=\"async\" class=\"alignnone wp-image-3964\" src=\"https:\/\/estoque.westmotos.com.br\/wp-content\/uploads\/2024\/06\/check.png\" alt=\"\" width=\"19\" height=\"17\" \/> Motor com 14,2 cv<\/p>\n<p>\ud83d\ude80MOTO TRAIL PERFEITA PARA ESTRADA DE CH\u00c3O OU PER\u00cdMETROS RODOVI\u00c1RIOS.<\/p>\n<p>Pague avista ou at\u00e9 12 x sem juros no cart\u00e3o R$18.799,00<\/p>\n<p>\ud83c\udfe6 Financiamento at\u00e9 48 x Simule agora<\/p>\n<p>FINANCEIRA SEM CONULTA SCORE<\/p>\n<p>COM AS MENORES TX<\/p>\n","protected":false},"excerpt":{"rendered":"<p>SHI 175\u00a0 AQUELA VERS\u00c3O TRAIL QUE VOC\u00ca PEDIU EST\u00c1 DEVOLTA\u00a0 2025\/2025<\/p>\n<p>\ud83c\udfe6SIMULE NO FINANCIAMENTO VALOR DAS PARCELAS APARTIR DE R$529,00\ud83d\udd25<\/p>\n<p>MOTO PERFEITA PARA ESTRADA DE CHAO OU PER\u00cdMETROS RODOVI\u00c1RIOS.<\/p>\n<p><img loading=\"lazy\" decoding=\"async\" class=\"alignnone wp-image-3964\" src=\"https:\/\/estoque.westmotos.com.br\/wp-content\/uploads\/2024\/06\/check.png\" alt=\"\" width=\"21\" height=\"19\" \/>FREIOS A DISCO SISTEMA CBS<br \/>\n<img loading=\"lazy\" decoding=\"async\" class=\"alignnone wp-image-3964\" src=\"https:\/\/estoque.westmotos.com.br\/wp-content\/uploads\/2024\/06\/check.png\" alt=\"\" width=\"21\" height=\"19\" \/>C\u00c2MBIO 5 MARCHAS<br \/>\n<img loading=\"lazy\" decoding=\"async\" class=\"alignnone wp-image-3938\" src=\"https:\/\/estoque.westmotos.com.br\/wp-content\/uploads\/2024\/06\/economia-1.png\" alt=\"\" width=\"23\" height=\"23\" \/> TANQUE CAPACIDADE DE 15 LT DE GASOLINA.<\/p>\n<p><img loading=\"lazy\" decoding=\"async\" class=\"alignnone wp-image-3964\" src=\"https:\/\/estoque.westmotos.com.br\/wp-content\/uploads\/2024\/06\/check.png\" alt=\"\" width=\"21\" height=\"19\" \/>PARTIDA EL\u00c9TRICA E PEDAL<\/p>\n<p><img loading=\"lazy\" decoding=\"async\" class=\"alignnone wp-image-3964\" src=\"https:\/\/estoque.westmotos.com.br\/wp-content\/uploads\/2024\/06\/check.png\" alt=\"\" width=\"21\" height=\"19\" \/>INJE\u00c7\u00c3O ELETR\u00d4NICA<\/p>\n<p>\ud83c\udfe6R$18.799,00 Avista<\/p>\n<p><img loading=\"lazy\" decoding=\"async\" class=\"alignnone wp-image-3929\" src=\"https:\/\/estoque.westmotos.com.br\/wp-content\/uploads\/2024\/06\/whatsapp.png\" alt=\"\" width=\"36\" height=\"36\" \/> Fale agora com nossa equipe de vendas.<\/p>\n<p>&nbsp;<\/p>\n<p>&nbsp;<\/p>\n","protected":false},"featured_media":4265,"template":"","meta":[],"product_brand":[],"product_cat":[74],"product_tag":[],"class_list":{"0":"post-4081","1":"product","2":"type-product","3":"status-publish","4":"has-post-thumbnail","6":"product_cat-175cc","8":"first","9":"instock","10":"sale","11":"shipping-taxable","12":"product-type-external"},"aioseo_notices":[],"_links":{"self":[{"href":"https:\/\/estoque.westmotos.com.br\/index.php?rest_route=\/wp\/v2\/product\/4081","targetHints":{"allow":["GET"]}}],"collection":[{"href":"https:\/\/estoque.westmotos.com.br\/index.php?rest_route=\/wp\/v2\/product"}],"about":[{"href":"https:\/\/estoque.westmotos.com.br\/index.php?rest_route=\/wp\/v2\/types\/product"}],"wp:featuredmedia":[{"embeddable":true,"href":"https:\/\/estoque.westmotos.com.br\/index.php?rest_route=\/wp\/v2\/media\/4265"}],"wp:attachment":[{"href":"https:\/\/estoque.westmotos.com.br\/index.php?rest_route=%2Fwp%2Fv2%2Fmedia&parent=4081"}],"wp:term":[{"taxonomy":"product_brand","embeddable":true,"href":"https:\/\/estoque.westmotos.com.br\/index.php?rest_route=%2Fwp%2Fv2%2Fproduct_brand&post=4081"},{"taxonomy":"product_cat","embeddable":true,"href":"https:\/\/estoque.westmotos.com.br\/index.php?rest_route=%2Fwp%2Fv2%2Fproduct_cat&post=4081"},{"taxonomy":"product_tag","embeddable":true,"href":"https:\/\/estoque.westmotos.com.br\/index.php?rest_route=%2Fwp%2Fv2%2Fproduct_tag&post=4081"}],"curies":[{"name":"wp","href":"https:\/\/api.w.org\/{rel}","templated":true}]}}