{"id":3936,"date":"2024-06-11T12:45:13","date_gmt":"2024-06-11T12:45:13","guid":{"rendered":"https:\/\/estoque.westmotos.com.br\/?post_type=product&#038;p=3936"},"modified":"2025-06-02T17:40:52","modified_gmt":"2025-06-02T17:40:52","slug":"shineray-jet-ss-50-cc-2024","status":"publish","type":"product","link":"https:\/\/estoque.westmotos.com.br\/?product=shineray-jet-ss-50-cc-2024","title":{"rendered":"Shineray Jet SS | 50 CC 2025 -\u00c1 PARTIR DE R$449,00 AO MES"},"content":{"rendered":"<p><img loading=\"lazy\" decoding=\"async\" class=\"alignnone wp-image-3940\" src=\"https:\/\/estoque.westmotos.com.br\/wp-content\/uploads\/2024\/06\/nova-1.png\" alt=\"\" width=\"13\" height=\"20\" \/> Nova<\/p>\n<p><img loading=\"lazy\" decoding=\"async\" class=\"alignnone wp-image-3941\" src=\"https:\/\/estoque.westmotos.com.br\/wp-content\/uploads\/2024\/06\/paineldigital-1.png\" alt=\"\" width=\"18\" height=\"18\" \/> Painel digital<\/p>\n<p><img loading=\"lazy\" decoding=\"async\" class=\"alignnone wp-image-3942\" src=\"https:\/\/estoque.westmotos.com.br\/wp-content\/uploads\/2024\/06\/rodas-1.png\" alt=\"\" width=\"16\" height=\"16\" \/> Rodas de liga leve<\/p>\n<p><img loading=\"lazy\" decoding=\"async\" class=\"alignnone wp-image-3939\" src=\"https:\/\/estoque.westmotos.com.br\/wp-content\/uploads\/2024\/06\/freio-1.png\" alt=\"\" width=\"18\" height=\"18\" \/> Freio a disco sistema CBS<\/p>\n<p><img loading=\"lazy\" decoding=\"async\" class=\"alignnone wp-image-3937\" src=\"https:\/\/estoque.westmotos.com.br\/wp-content\/uploads\/2024\/06\/bau-1.png\" alt=\"\" width=\"16\" height=\"16\" \/> Ba\u00fa porta capacetes com\u00a0entrada USB<\/p>\n<p><img loading=\"lazy\" decoding=\"async\" class=\"alignnone wp-image-3938\" src=\"https:\/\/estoque.westmotos.com.br\/wp-content\/uploads\/2024\/06\/economia-1.png\" alt=\"\" width=\"17\" height=\"17\" \/> Autonomia de ate 60 km por lt de combust\u00edvel.<\/p>\n<p>CORES: Branca c\/ Marrom, Branca c\/ Preto, Preto c\/ Marrom, Preta ou Vermelha<\/p>\n<p>\ud83d\udcb5Avista R$12.499,00<\/p>\n<p>Ou 12 x sem juros no cart\u00e3o de cr\u00e9dito.<\/p>\n<p>Fa\u00e7a uma simula\u00e7\u00e3o no\u00a0financiamento.<\/p>\n<p>PARCELAS APARTIR DE 48 X\u00a0 R$449,00<\/p>\n","protected":false},"excerpt":{"rendered":"<p><img loading=\"lazy\" decoding=\"async\" class=\"alignnone wp-image-3940\" src=\"https:\/\/estoque.westmotos.com.br\/wp-content\/uploads\/2024\/06\/nova-1.png\" alt=\"\" width=\"13\" height=\"20\" \/> Nova<\/p>\n<p><img loading=\"lazy\" decoding=\"async\" class=\"alignnone wp-image-3941\" src=\"https:\/\/estoque.westmotos.com.br\/wp-content\/uploads\/2024\/06\/paineldigital-1.png\" alt=\"\" width=\"18\" height=\"18\" \/> Painel digital<\/p>\n<p><img loading=\"lazy\" decoding=\"async\" class=\"alignnone wp-image-3942\" src=\"https:\/\/estoque.westmotos.com.br\/wp-content\/uploads\/2024\/06\/rodas-1.png\" alt=\"\" width=\"16\" height=\"16\" \/> Rodas de liga leve<\/p>\n<p><img loading=\"lazy\" decoding=\"async\" class=\"alignnone wp-image-3939\" src=\"https:\/\/estoque.westmotos.com.br\/wp-content\/uploads\/2024\/06\/freio-1.png\" alt=\"\" width=\"18\" height=\"18\" \/> Freio a disco sistema CBS<\/p>\n<p><img loading=\"lazy\" decoding=\"async\" class=\"alignnone wp-image-3937\" src=\"https:\/\/estoque.westmotos.com.br\/wp-content\/uploads\/2024\/06\/bau-1.png\" alt=\"\" width=\"16\" height=\"16\" \/> Ba\u00fa porta capacetes com\u00a0entrada USB<\/p>\n<p><img loading=\"lazy\" decoding=\"async\" class=\"alignnone wp-image-3938\" src=\"https:\/\/estoque.westmotos.com.br\/wp-content\/uploads\/2024\/06\/economia-1.png\" alt=\"\" width=\"17\" height=\"17\" \/> Autonomia de ate 60 km por lt de combust\u00edvel.<\/p>\n<p>CORES: Branca c\/ Marrom, Branca c\/ Preto, Preto c\/ Marrom, Preta ou Vermelha<\/p>\n<p>\ud83d\udcb5Avista R$12.499,00<\/p>\n<p>Ou 12 x sem juros no cart\u00e3o de cr\u00e9dito.<\/p>\n<p>Fa\u00e7a uma simula\u00e7\u00e3o no\u00a0financiamento.<\/p>\n","protected":false},"featured_media":4296,"template":"","meta":[],"product_brand":[],"product_cat":[72],"product_tag":[],"class_list":{"0":"post-3936","1":"product","2":"type-product","3":"status-publish","4":"has-post-thumbnail","6":"product_cat-50cc","8":"first","9":"instock","10":"shipping-taxable","11":"product-type-external"},"aioseo_notices":[],"_links":{"self":[{"href":"https:\/\/estoque.westmotos.com.br\/index.php?rest_route=\/wp\/v2\/product\/3936","targetHints":{"allow":["GET"]}}],"collection":[{"href":"https:\/\/estoque.westmotos.com.br\/index.php?rest_route=\/wp\/v2\/product"}],"about":[{"href":"https:\/\/estoque.westmotos.com.br\/index.php?rest_route=\/wp\/v2\/types\/product"}],"wp:featuredmedia":[{"embeddable":true,"href":"https:\/\/estoque.westmotos.com.br\/index.php?rest_route=\/wp\/v2\/media\/4296"}],"wp:attachment":[{"href":"https:\/\/estoque.westmotos.com.br\/index.php?rest_route=%2Fwp%2Fv2%2Fmedia&parent=3936"}],"wp:term":[{"taxonomy":"product_brand","embeddable":true,"href":"https:\/\/estoque.westmotos.com.br\/index.php?rest_route=%2Fwp%2Fv2%2Fproduct_brand&post=3936"},{"taxonomy":"product_cat","embeddable":true,"href":"https:\/\/estoque.westmotos.com.br\/index.php?rest_route=%2Fwp%2Fv2%2Fproduct_cat&post=3936"},{"taxonomy":"product_tag","embeddable":true,"href":"https:\/\/estoque.westmotos.com.br\/index.php?rest_route=%2Fwp%2Fv2%2Fproduct_tag&post=3936"}],"curies":[{"name":"wp","href":"https:\/\/api.w.org\/{rel}","templated":true}]}}